{"id":1105,"date":"2023-11-09T19:08:11","date_gmt":"2023-11-09T19:08:11","guid":{"rendered":"https:\/\/merchetextiles.com\/?post_type=product&#038;p=1105"},"modified":"2024-10-15T17:27:17","modified_gmt":"2024-10-15T17:27:17","slug":"moises","status":"publish","type":"product","link":"https:\/\/merchetextiles.com\/index.php\/product\/moises\/","title":{"rendered":"Mois\u00e9s"},"content":{"rendered":"<h2>Mois\u00e9s<\/h2>\n<p>Mois\u00e9s cunero Deluxe elaborado en MDF pulido, pegada con resistol de alta adherencia, con un forro de tela tergal 100% poli\u00e9ster, pegada con silicona 3M, con terminado de punto de cadena, a 6 agujas con doble frontura, enbiesada con cinta de punto ingles, con forro de ray\u00f3n.<\/p>\n<p>Colores disponibles: <b>Gris Claro, Gris Medio, Gris Obscuro, Gris Oxford, Salm\u00f3n,\u00a0<\/b><b>Azul<\/b><b>\u00a0Pizarra, Petr\u00f3leo, Canela, Color Paja, Color Hueso, Blanco, Negro.<\/b><\/p>\n<p>Tama\u00f1os: Unitalla<br \/>\nMaterial: Acril\u00e1n de Alto Volumen y Alta Resistencia.<br \/>\nForro: Ray\u00f3n en algod\u00f3n y fleece 100% poli\u00e9ster.<\/p>\n<p><strong>*Instrucciones de cuidado<\/strong>: Lavar con agua fr\u00eda a 30\u00b0C en ciclo delicado, usar jab\u00f3n o detergente suave. No usar blanqueador ni cloro, secar en horizontal a la sombra, no planchar, puede lavarse en seco.<\/p>\n","protected":false},"excerpt":{"rendered":"<p>Mois\u00e9s Mois\u00e9s cunero Deluxe elaborado en MDF pulido, pegada con resistol de alta adherencia, con un forro de tela tergal 100% poli\u00e9ster, pegada con silicona 3M, con terminado de punto de cadena, a 6 agujas con doble frontura, enbiesada con cinta de punto ingles, con forro de ray\u00f3n. Colores disponibles: Gris Claro, Gris Medio, Gris [&#8230;]\n","protected":false},"featured_media":1083,"template":"","meta":{"_joinchat":[]},"product_cat":[25,53,47],"product_tag":[],"aioseo_notices":[],"jetpack_sharing_enabled":true,"_links":{"self":[{"href":"https:\/\/merchetextiles.com\/index.php\/wp-json\/wp\/v2\/product\/1105"}],"collection":[{"href":"https:\/\/merchetextiles.com\/index.php\/wp-json\/wp\/v2\/product"}],"about":[{"href":"https:\/\/merchetextiles.com\/index.php\/wp-json\/wp\/v2\/types\/product"}],"wp:featuredmedia":[{"embeddable":true,"href":"https:\/\/merchetextiles.com\/index.php\/wp-json\/wp\/v2\/media\/1083"}],"wp:attachment":[{"href":"https:\/\/merchetextiles.com\/index.php\/wp-json\/wp\/v2\/media?parent=1105"}],"wp:term":[{"taxonomy":"product_cat","embeddable":true,"href":"https:\/\/merchetextiles.com\/index.php\/wp-json\/wp\/v2\/product_cat?post=1105"},{"taxonomy":"product_tag","embeddable":true,"href":"https:\/\/merchetextiles.com\/index.php\/wp-json\/wp\/v2\/product_tag?post=1105"}],"curies":[{"name":"wp","href":"https:\/\/api.w.org\/{rel}","templated":true}]}}