{"id":1303,"date":"2023-12-01T03:10:17","date_gmt":"2023-12-01T03:10:17","guid":{"rendered":"https:\/\/merchetextiles.com\/?post_type=product&#038;p=1303"},"modified":"2024-10-15T17:21:43","modified_gmt":"2024-10-15T17:21:43","slug":"frazada-cojin","status":"publish","type":"product","link":"https:\/\/merchetextiles.com\/index.php\/product\/frazada-cojin\/","title":{"rendered":"Frazada Coj\u00edn"},"content":{"rendered":"<h2>Frazada Coj\u00edn<\/h2>\n<h3>Frazada Individual en presentaci\u00f3n de coj\u00edn<\/h3>\n<p>Frazada tejida en punto de arroz, a 6 agujas con doble frontura, enbiesada con cinta de punto ingles, a doble frontura, con forro de Flecee, tratada en vapor para suavizado y sanitazado y pegada a Quasar. Con Bolsa frontal para su guardado en presentaci\u00f3n de coj\u00edn.<\/p>\n<p>Colores disponibles: <b>Gris Claro, Gris Medio, Gris Obscuro, Gris Oxford, Salm\u00f3n, <\/b><span style=\"font-size: 14.4px;\"><b>Azul<\/b><\/span><b>\u00a0Pizarra, Petr\u00f3leo, Canela, Color Paja, Color Hueso, Blanco, Negro.<\/b><\/p>\n<p>Talla: Individual: 1.20 x 1.80 m<br \/>\nMaterial: Acril\u00e1n de Alto Volumen y Alta Resistencia.<br \/>\nForro: FLEECE Y PELUZO 100% Poli\u00e9ster.<\/p>\n<p><strong>*Instrucciones de cuidado<\/strong>: Lavar con agua fr\u00eda a 30\u00b0C en ciclo delicado, usar jab\u00f3n o detergente suave. No usar blanqueador ni cloro, secar en horizontal a la sombra, no planchar, puede lavarse en seco.<\/p>\n","protected":false},"excerpt":{"rendered":"<p>Frazada Coj\u00edn Frazada Individual en presentaci\u00f3n de coj\u00edn Frazada tejida en punto de arroz, a 6 agujas con doble frontura, enbiesada con cinta de punto ingles, a doble frontura, con forro de Flecee, tratada en vapor para suavizado y sanitazado y pegada a Quasar. Con Bolsa frontal para su guardado en presentaci\u00f3n de coj\u00edn. Colores [&#8230;]\n","protected":false},"featured_media":1323,"template":"","meta":{"_joinchat":[]},"product_cat":[25,37,40],"product_tag":[],"aioseo_notices":[],"jetpack_sharing_enabled":true,"_links":{"self":[{"href":"https:\/\/merchetextiles.com\/index.php\/wp-json\/wp\/v2\/product\/1303"}],"collection":[{"href":"https:\/\/merchetextiles.com\/index.php\/wp-json\/wp\/v2\/product"}],"about":[{"href":"https:\/\/merchetextiles.com\/index.php\/wp-json\/wp\/v2\/types\/product"}],"wp:featuredmedia":[{"embeddable":true,"href":"https:\/\/merchetextiles.com\/index.php\/wp-json\/wp\/v2\/media\/1323"}],"wp:attachment":[{"href":"https:\/\/merchetextiles.com\/index.php\/wp-json\/wp\/v2\/media?parent=1303"}],"wp:term":[{"taxonomy":"product_cat","embeddable":true,"href":"https:\/\/merchetextiles.com\/index.php\/wp-json\/wp\/v2\/product_cat?post=1303"},{"taxonomy":"product_tag","embeddable":true,"href":"https:\/\/merchetextiles.com\/index.php\/wp-json\/wp\/v2\/product_tag?post=1303"}],"curies":[{"name":"wp","href":"https:\/\/api.w.org\/{rel}","templated":true}]}}